{"id":7,"date":"2021-08-27T15:45:18","date_gmt":"2021-08-27T12:45:18","guid":{"rendered":"https:\/\/opdrhasanulasbasyurt.com\/demo\/?page_id=7"},"modified":"2021-11-10T10:44:59","modified_gmt":"2021-11-10T07:44:59","slug":"about","status":"publish","type":"page","link":"https:\/\/drseyithankirtay.com\/en\/about\/","title":{"rendered":"About"},"content":{"rendered":"\t\t<div data-elementor-type=\"wp-page\" data-elementor-id=\"7\" class=\"elementor elementor-7\">\n\t\t\t\t\t\t<section class=\"elementor-section elementor-top-section elementor-element elementor-element-a4d426f elementor-section-boxed elementor-section-height-default elementor-section-height-default\" data-id=\"a4d426f\" data-element_type=\"section\">\n\t\t\t\t\t\t<div class=\"elementor-container elementor-column-gap-no\">\n\t\t\t\t\t<div class=\"elementor-column elementor-col-50 elementor-top-column elementor-element elementor-element-8f44797\" data-id=\"8f44797\" data-element_type=\"column\">\n\t\t\t<div class=\"elementor-widget-wrap elementor-element-populated\">\n\t\t\t\t\t\t<div class=\"elementor-element elementor-element-00a1422 elementor-widget elementor-widget-image\" data-id=\"00a1422\" data-element_type=\"widget\" data-widget_type=\"image.default\">\n\t\t\t\t<div class=\"elementor-widget-container\">\n\t\t\t\t\t\t\t\t\t\t\t\t\t\t\t<img fetchpriority=\"high\" decoding=\"async\" width=\"634\" height=\"977\" src=\"https:\/\/drseyithankirtay.com\/en\/wp-content\/uploads\/2021\/09\/doktor-seyithan-kirtay.png\" class=\"attachment-full size-full wp-image-9402\" alt=\"\" srcset=\"https:\/\/drseyithankirtay.com\/en\/wp-content\/uploads\/2021\/09\/doktor-seyithan-kirtay.png 634w, https:\/\/drseyithankirtay.com\/en\/wp-content\/uploads\/2021\/09\/doktor-seyithan-kirtay-195x300.png 195w\" sizes=\"(max-width: 634px) 100vw, 634px\" \/>\t\t\t\t\t\t\t\t\t\t\t\t\t\t\t<\/div>\n\t\t\t\t<\/div>\n\t\t\t\t\t<\/div>\n\t\t<\/div>\n\t\t\t\t<div class=\"elementor-column elementor-col-50 elementor-top-column elementor-element elementor-element-17c5dfe\" data-id=\"17c5dfe\" data-element_type=\"column\">\n\t\t\t<div class=\"elementor-widget-wrap elementor-element-populated\">\n\t\t\t\t\t\t<div class=\"elementor-element elementor-element-134ea1b elementor-widget elementor-widget-heading\" data-id=\"134ea1b\" data-element_type=\"widget\" data-widget_type=\"heading.default\">\n\t\t\t\t<div class=\"elementor-widget-container\">\n\t\t\t\t\t<h2 class=\"elementor-heading-title elementor-size-default\">Op. Dr. Seyithan K\u0131rtay\n<\/h2>\t\t\t\t<\/div>\n\t\t\t\t<\/div>\n\t\t\t\t<div class=\"elementor-element elementor-element-1f8fb56 elementor-widget elementor-widget-text-editor\" data-id=\"1f8fb56\" data-element_type=\"widget\" data-widget_type=\"text-editor.default\">\n\t\t\t\t<div class=\"elementor-widget-container\">\n\t\t\t\t\t\t\t\t\t<p>I was born in 1984 in \u0130zmir.I studied at izmir Mehmet\u00e7ik Primary School,then at \u0130zmir \u015eehit Fethi Bey.My high school life began in \u0130zmir Atakent Anatolian Highschool.<\/p><p>I graduated from Dokuz Eyl\u00fcl University Faculty of Medicine in 2008.In 2013,I completed my residency at izmir Katip \u00c7elebi Universty Atat\u00fcrk Training and Research Hospital ENT clinic.<\/p><p>Then I worked as surgeon at Tekirda\u011f Malkara State Hospital for 2 years.With my scientific studies and presentations in 2013 and 2014,I received the 3 rd prize in the National ENT-HEAD AND NECK &#8211; general branches twice in a row.<\/p>\t\t\t\t\t\t\t\t<\/div>\n\t\t\t\t<\/div>\n\t\t\t\t\t<\/div>\n\t\t<\/div>\n\t\t\t\t\t<\/div>\n\t\t<\/section>\n\t\t\t\t<\/div>\n\t\t","protected":false},"excerpt":{"rendered":"<p>Op. Dr. Seyithan K\u0131rtay I was born in 1984 in \u0130zmir.I studied at izmir Mehmet\u00e7ik Primary School,then at \u0130zmir \u015eehit Fethi Bey.My high school life began in \u0130zmir Atakent Anatolian Highschool. I graduated from Dokuz Eyl\u00fcl University Faculty of Medicine in 2008.In 2013,I completed my residency at izmir Katip \u00c7elebi Universty Atat\u00fcrk Training and Research [&hellip;]<\/p>\n","protected":false},"author":1,"featured_media":0,"parent":0,"menu_order":0,"comment_status":"closed","ping_status":"closed","template":"","meta":{"_acf_changed":false,"footnotes":""},"class_list":["post-7","page","type-page","status-publish","hentry"],"acf":[],"yoast_head":"<!-- This site is optimized with the Yoast SEO plugin v26.1.1 - https:\/\/yoast.com\/wordpress\/plugins\/seo\/ -->\n<title>About - Op. Dr. Seyithan K\u0131rtay<\/title>\n<meta name=\"robots\" content=\"index, follow, max-snippet:-1, max-image-preview:large, max-video-preview:-1\" \/>\n<link rel=\"canonical\" href=\"https:\/\/drseyithankirtay.com\/en\/about\/\" \/>\n<meta property=\"og:locale\" content=\"en_US\" \/>\n<meta property=\"og:type\" content=\"article\" \/>\n<meta property=\"og:title\" content=\"About - Op. Dr. Seyithan K\u0131rtay\" \/>\n<meta property=\"og:description\" content=\"Op. Dr. Seyithan K\u0131rtay I was born in 1984 in \u0130zmir.I studied at izmir Mehmet\u00e7ik Primary School,then at \u0130zmir \u015eehit Fethi Bey.My high school life began in \u0130zmir Atakent Anatolian Highschool. I graduated from Dokuz Eyl\u00fcl University Faculty of Medicine in 2008.In 2013,I completed my residency at izmir Katip \u00c7elebi Universty Atat\u00fcrk Training and Research [&hellip;]\" \/>\n<meta property=\"og:url\" content=\"https:\/\/drseyithankirtay.com\/en\/about\/\" \/>\n<meta property=\"og:site_name\" content=\"Op. Dr. Seyithan K\u0131rtay\" \/>\n<meta property=\"article:modified_time\" content=\"2021-11-10T07:44:59+00:00\" \/>\n<meta property=\"og:image\" content=\"https:\/\/drseyithankirtay.com\/en\/wp-content\/uploads\/2021\/09\/doktor-seyithan-kirtay.png\" \/>\n<meta name=\"twitter:card\" content=\"summary_large_image\" \/>\n<meta name=\"twitter:label1\" content=\"Est. reading time\" \/>\n\t<meta name=\"twitter:data1\" content=\"1 minute\" \/>\n<script type=\"application\/ld+json\" class=\"yoast-schema-graph\">{\"@context\":\"https:\/\/schema.org\",\"@graph\":[{\"@type\":\"WebPage\",\"@id\":\"https:\/\/drseyithankirtay.com\/en\/about\/\",\"url\":\"https:\/\/drseyithankirtay.com\/en\/about\/\",\"name\":\"About - Op. Dr. Seyithan K\u0131rtay\",\"isPartOf\":{\"@id\":\"https:\/\/drseyithankirtay.com\/en\/#website\"},\"primaryImageOfPage\":{\"@id\":\"https:\/\/drseyithankirtay.com\/en\/about\/#primaryimage\"},\"image\":{\"@id\":\"https:\/\/drseyithankirtay.com\/en\/about\/#primaryimage\"},\"thumbnailUrl\":\"https:\/\/drseyithankirtay.com\/en\/wp-content\/uploads\/2021\/09\/doktor-seyithan-kirtay.png\",\"datePublished\":\"2021-08-27T12:45:18+00:00\",\"dateModified\":\"2021-11-10T07:44:59+00:00\",\"breadcrumb\":{\"@id\":\"https:\/\/drseyithankirtay.com\/en\/about\/#breadcrumb\"},\"inLanguage\":\"en-US\",\"potentialAction\":[{\"@type\":\"ReadAction\",\"target\":[\"https:\/\/drseyithankirtay.com\/en\/about\/\"]}]},{\"@type\":\"ImageObject\",\"inLanguage\":\"en-US\",\"@id\":\"https:\/\/drseyithankirtay.com\/en\/about\/#primaryimage\",\"url\":\"https:\/\/drseyithankirtay.com\/en\/wp-content\/uploads\/2021\/09\/doktor-seyithan-kirtay.png\",\"contentUrl\":\"https:\/\/drseyithankirtay.com\/en\/wp-content\/uploads\/2021\/09\/doktor-seyithan-kirtay.png\",\"width\":634,\"height\":977},{\"@type\":\"BreadcrumbList\",\"@id\":\"https:\/\/drseyithankirtay.com\/en\/about\/#breadcrumb\",\"itemListElement\":[{\"@type\":\"ListItem\",\"position\":1,\"name\":\"Anasayfa\",\"item\":\"https:\/\/drseyithankirtay.com\/en\/\"},{\"@type\":\"ListItem\",\"position\":2,\"name\":\"About\"}]},{\"@type\":\"WebSite\",\"@id\":\"https:\/\/drseyithankirtay.com\/en\/#website\",\"url\":\"https:\/\/drseyithankirtay.com\/en\/\",\"name\":\"Op. Dr. Seyithan K\u0131rtay\",\"description\":\"Kulak Burun Bo\u011faz ve Burun Estetik Cerrahi\",\"potentialAction\":[{\"@type\":\"SearchAction\",\"target\":{\"@type\":\"EntryPoint\",\"urlTemplate\":\"https:\/\/drseyithankirtay.com\/en\/?s={search_term_string}\"},\"query-input\":{\"@type\":\"PropertyValueSpecification\",\"valueRequired\":true,\"valueName\":\"search_term_string\"}}],\"inLanguage\":\"en-US\"}]}<\/script>\n<!-- \/ Yoast SEO plugin. -->","yoast_head_json":{"title":"About - Op. Dr. Seyithan K\u0131rtay","robots":{"index":"index","follow":"follow","max-snippet":"max-snippet:-1","max-image-preview":"max-image-preview:large","max-video-preview":"max-video-preview:-1"},"canonical":"https:\/\/drseyithankirtay.com\/en\/about\/","og_locale":"en_US","og_type":"article","og_title":"About - Op. Dr. Seyithan K\u0131rtay","og_description":"Op. Dr. Seyithan K\u0131rtay I was born in 1984 in \u0130zmir.I studied at izmir Mehmet\u00e7ik Primary School,then at \u0130zmir \u015eehit Fethi Bey.My high school life began in \u0130zmir Atakent Anatolian Highschool. I graduated from Dokuz Eyl\u00fcl University Faculty of Medicine in 2008.In 2013,I completed my residency at izmir Katip \u00c7elebi Universty Atat\u00fcrk Training and Research [&hellip;]","og_url":"https:\/\/drseyithankirtay.com\/en\/about\/","og_site_name":"Op. Dr. Seyithan K\u0131rtay","article_modified_time":"2021-11-10T07:44:59+00:00","og_image":[{"url":"https:\/\/drseyithankirtay.com\/en\/wp-content\/uploads\/2021\/09\/doktor-seyithan-kirtay.png","type":"","width":"","height":""}],"twitter_card":"summary_large_image","twitter_misc":{"Est. reading time":"1 minute"},"schema":{"@context":"https:\/\/schema.org","@graph":[{"@type":"WebPage","@id":"https:\/\/drseyithankirtay.com\/en\/about\/","url":"https:\/\/drseyithankirtay.com\/en\/about\/","name":"About - Op. Dr. Seyithan K\u0131rtay","isPartOf":{"@id":"https:\/\/drseyithankirtay.com\/en\/#website"},"primaryImageOfPage":{"@id":"https:\/\/drseyithankirtay.com\/en\/about\/#primaryimage"},"image":{"@id":"https:\/\/drseyithankirtay.com\/en\/about\/#primaryimage"},"thumbnailUrl":"https:\/\/drseyithankirtay.com\/en\/wp-content\/uploads\/2021\/09\/doktor-seyithan-kirtay.png","datePublished":"2021-08-27T12:45:18+00:00","dateModified":"2021-11-10T07:44:59+00:00","breadcrumb":{"@id":"https:\/\/drseyithankirtay.com\/en\/about\/#breadcrumb"},"inLanguage":"en-US","potentialAction":[{"@type":"ReadAction","target":["https:\/\/drseyithankirtay.com\/en\/about\/"]}]},{"@type":"ImageObject","inLanguage":"en-US","@id":"https:\/\/drseyithankirtay.com\/en\/about\/#primaryimage","url":"https:\/\/drseyithankirtay.com\/en\/wp-content\/uploads\/2021\/09\/doktor-seyithan-kirtay.png","contentUrl":"https:\/\/drseyithankirtay.com\/en\/wp-content\/uploads\/2021\/09\/doktor-seyithan-kirtay.png","width":634,"height":977},{"@type":"BreadcrumbList","@id":"https:\/\/drseyithankirtay.com\/en\/about\/#breadcrumb","itemListElement":[{"@type":"ListItem","position":1,"name":"Anasayfa","item":"https:\/\/drseyithankirtay.com\/en\/"},{"@type":"ListItem","position":2,"name":"About"}]},{"@type":"WebSite","@id":"https:\/\/drseyithankirtay.com\/en\/#website","url":"https:\/\/drseyithankirtay.com\/en\/","name":"Op. Dr. Seyithan K\u0131rtay","description":"Kulak Burun Bo\u011faz ve Burun Estetik Cerrahi","potentialAction":[{"@type":"SearchAction","target":{"@type":"EntryPoint","urlTemplate":"https:\/\/drseyithankirtay.com\/en\/?s={search_term_string}"},"query-input":{"@type":"PropertyValueSpecification","valueRequired":true,"valueName":"search_term_string"}}],"inLanguage":"en-US"}]}},"_links":{"self":[{"href":"https:\/\/drseyithankirtay.com\/en\/wp-json\/wp\/v2\/pages\/7","targetHints":{"allow":["GET"]}}],"collection":[{"href":"https:\/\/drseyithankirtay.com\/en\/wp-json\/wp\/v2\/pages"}],"about":[{"href":"https:\/\/drseyithankirtay.com\/en\/wp-json\/wp\/v2\/types\/page"}],"author":[{"embeddable":true,"href":"https:\/\/drseyithankirtay.com\/en\/wp-json\/wp\/v2\/users\/1"}],"replies":[{"embeddable":true,"href":"https:\/\/drseyithankirtay.com\/en\/wp-json\/wp\/v2\/comments?post=7"}],"version-history":[{"count":0,"href":"https:\/\/drseyithankirtay.com\/en\/wp-json\/wp\/v2\/pages\/7\/revisions"}],"wp:attachment":[{"href":"https:\/\/drseyithankirtay.com\/en\/wp-json\/wp\/v2\/media?parent=7"}],"curies":[{"name":"wp","href":"https:\/\/api.w.org\/{rel}","templated":true}]}}