{"id":8694,"date":"2020-02-21T16:30:14","date_gmt":"2020-02-21T13:30:14","guid":{"rendered":"https:\/\/opdrhasanulasbasyurt.com\/yenisite\/?page_id=8694"},"modified":"2021-11-10T09:50:22","modified_gmt":"2021-11-10T06:50:22","slug":"thermal-welding","status":"publish","type":"page","link":"https:\/\/drseyithankirtay.com\/en\/thermal-welding\/","title":{"rendered":"Thermal Welding"},"content":{"rendered":"\t\t<div data-elementor-type=\"wp-page\" data-elementor-id=\"8694\" class=\"elementor elementor-8694\">\n\t\t\t\t\t\t<section class=\"elementor-section elementor-top-section elementor-element elementor-element-641b8d9 elementor-section-boxed elementor-section-height-default elementor-section-height-default\" data-id=\"641b8d9\" data-element_type=\"section\">\n\t\t\t\t\t\t<div class=\"elementor-container elementor-column-gap-default\">\n\t\t\t\t\t<div class=\"elementor-column elementor-col-100 elementor-top-column elementor-element elementor-element-f613ad4\" data-id=\"f613ad4\" data-element_type=\"column\">\n\t\t\t<div class=\"elementor-widget-wrap elementor-element-populated\">\n\t\t\t\t\t\t<div class=\"elementor-element elementor-element-6989fa1 elementor-widget elementor-widget-text-editor\" data-id=\"6989fa1\" data-element_type=\"widget\" data-widget_type=\"text-editor.default\">\n\t\t\t\t<div class=\"elementor-widget-container\">\n\t\t\t\t\t\t\t\t\t<h2>Thermal Welding\u00a0<\/h2><p>Surgery of Tonsil and Adenoid-Method of Thermal Welding \u0131t is a new way of renovation of tonsil and adenoid without pain and suture.\u0130t enables our Patients back to their life quickly and make them comfort in a short period of time.The method that we made succesfully more than thousand time is quite prospering.r.<\/p>\t\t\t\t\t\t\t\t<\/div>\n\t\t\t\t<\/div>\n\t\t\t\t<section class=\"elementor-section elementor-inner-section elementor-element elementor-element-a6727ed elementor-section-boxed elementor-section-height-default elementor-section-height-default\" data-id=\"a6727ed\" data-element_type=\"section\">\n\t\t\t\t\t\t<div class=\"elementor-container elementor-column-gap-default\">\n\t\t\t\t\t<div class=\"elementor-column elementor-col-100 elementor-inner-column elementor-element elementor-element-86a578a\" data-id=\"86a578a\" data-element_type=\"column\">\n\t\t\t<div class=\"elementor-widget-wrap elementor-element-populated\">\n\t\t\t\t\t\t<div class=\"elementor-element elementor-element-2092dd7 elementor-widget elementor-widget-image\" data-id=\"2092dd7\" data-element_type=\"widget\" data-widget_type=\"image.default\">\n\t\t\t\t<div class=\"elementor-widget-container\">\n\t\t\t\t\t\t\t\t\t\t\t\t\t\t\t<img fetchpriority=\"high\" decoding=\"async\" width=\"779\" height=\"1024\" src=\"https:\/\/drseyithankirtay.com\/en\/wp-content\/uploads\/2021\/09\/bademcik-ve-genizeti-ameliyati-779x1024-1.jpg\" class=\"attachment-large size-large wp-image-9204\" alt=\"\" srcset=\"https:\/\/drseyithankirtay.com\/en\/wp-content\/uploads\/2021\/09\/bademcik-ve-genizeti-ameliyati-779x1024-1.jpg 779w, https:\/\/drseyithankirtay.com\/en\/wp-content\/uploads\/2021\/09\/bademcik-ve-genizeti-ameliyati-779x1024-1-228x300.jpg 228w, https:\/\/drseyithankirtay.com\/en\/wp-content\/uploads\/2021\/09\/bademcik-ve-genizeti-ameliyati-779x1024-1-768x1010.jpg 768w\" sizes=\"(max-width: 779px) 100vw, 779px\" \/>\t\t\t\t\t\t\t\t\t\t\t\t\t\t\t<\/div>\n\t\t\t\t<\/div>\n\t\t\t\t\t<\/div>\n\t\t<\/div>\n\t\t\t\t\t<\/div>\n\t\t<\/section>\n\t\t\t\t\t<\/div>\n\t\t<\/div>\n\t\t\t\t\t<\/div>\n\t\t<\/section>\n\t\t\t\t<\/div>\n\t\t","protected":false},"excerpt":{"rendered":"<p>Thermal Welding Y\u00f6ntemi A\u011fr\u0131 ve diki\u015fin olmad\u0131\u011f\u0131 yeni nesil bademcik ve genizeti alma y\u00f6ntemidir.hastalar\u0131m\u0131z\u0131n konforunu ve normal ya\u015fama d\u00f6n\u00fc\u015f\u00fcn\u00fc h\u0131zland\u0131ran bir y\u00f6ntemdir.Yakla\u015f\u0131k 1000 \u00fczerinde yapt\u0131\u011f\u0131m\u0131z y\u00f6ntemin g\u00fcvernirli\u011fi olduk\u00e7a y\u00fcksektir.<\/p>\n","protected":false},"author":1,"featured_media":7543,"parent":0,"menu_order":4,"comment_status":"closed","ping_status":"closed","template":"","meta":{"_acf_changed":false,"footnotes":""},"class_list":["post-8694","page","type-page","status-publish","has-post-thumbnail","hentry"],"acf":[],"yoast_head":"<!-- This site is optimized with the Yoast SEO plugin v26.1.1 - https:\/\/yoast.com\/wordpress\/plugins\/seo\/ -->\n<title>Kad\u0131n Hastal\u0131klar\u0131 (Jinekoloji) Doktoru - \u0130zmir | Op. Dr. Seyithan K\u0131rtay<\/title>\n<meta name=\"robots\" content=\"index, follow, max-snippet:-1, max-image-preview:large, max-video-preview:-1\" \/>\n<link rel=\"canonical\" href=\"https:\/\/drseyithankirtay.com\/en\/thermal-welding\/\" \/>\n<meta property=\"og:locale\" content=\"en_US\" \/>\n<meta property=\"og:type\" content=\"article\" \/>\n<meta property=\"og:title\" content=\"Kad\u0131n Hastal\u0131klar\u0131 (Jinekoloji) Doktoru - \u0130zmir | Op. Dr. Seyithan K\u0131rtay\" \/>\n<meta property=\"og:description\" content=\"Thermal Welding Y\u00f6ntemi A\u011fr\u0131 ve diki\u015fin olmad\u0131\u011f\u0131 yeni nesil bademcik ve genizeti alma y\u00f6ntemidir.hastalar\u0131m\u0131z\u0131n konforunu ve normal ya\u015fama d\u00f6n\u00fc\u015f\u00fcn\u00fc h\u0131zland\u0131ran bir y\u00f6ntemdir.Yakla\u015f\u0131k 1000 \u00fczerinde yapt\u0131\u011f\u0131m\u0131z y\u00f6ntemin g\u00fcvernirli\u011fi olduk\u00e7a y\u00fcksektir.\" \/>\n<meta property=\"og:url\" content=\"https:\/\/drseyithankirtay.com\/en\/thermal-welding\/\" \/>\n<meta property=\"og:site_name\" content=\"Op. Dr. Seyithan K\u0131rtay\" \/>\n<meta property=\"article:modified_time\" content=\"2021-11-10T06:50:22+00:00\" \/>\n<meta name=\"twitter:card\" content=\"summary_large_image\" \/>\n<meta name=\"twitter:label1\" content=\"Est. reading time\" \/>\n\t<meta name=\"twitter:data1\" content=\"1 minute\" \/>\n<script type=\"application\/ld+json\" class=\"yoast-schema-graph\">{\"@context\":\"https:\/\/schema.org\",\"@graph\":[{\"@type\":\"WebPage\",\"@id\":\"https:\/\/drseyithankirtay.com\/en\/thermal-welding\/\",\"url\":\"https:\/\/drseyithankirtay.com\/en\/thermal-welding\/\",\"name\":\"Kad\u0131n Hastal\u0131klar\u0131 (Jinekoloji) Doktoru - \u0130zmir | Op. Dr. Seyithan K\u0131rtay\",\"isPartOf\":{\"@id\":\"https:\/\/drseyithankirtay.com\/en\/#website\"},\"primaryImageOfPage\":{\"@id\":\"https:\/\/drseyithankirtay.com\/en\/thermal-welding\/#primaryimage\"},\"image\":{\"@id\":\"https:\/\/drseyithankirtay.com\/en\/thermal-welding\/#primaryimage\"},\"thumbnailUrl\":\"\",\"datePublished\":\"2020-02-21T13:30:14+00:00\",\"dateModified\":\"2021-11-10T06:50:22+00:00\",\"breadcrumb\":{\"@id\":\"https:\/\/drseyithankirtay.com\/en\/thermal-welding\/#breadcrumb\"},\"inLanguage\":\"en-US\",\"potentialAction\":[{\"@type\":\"ReadAction\",\"target\":[\"https:\/\/drseyithankirtay.com\/en\/thermal-welding\/\"]}]},{\"@type\":\"ImageObject\",\"inLanguage\":\"en-US\",\"@id\":\"https:\/\/drseyithankirtay.com\/en\/thermal-welding\/#primaryimage\",\"url\":\"\",\"contentUrl\":\"\"},{\"@type\":\"BreadcrumbList\",\"@id\":\"https:\/\/drseyithankirtay.com\/en\/thermal-welding\/#breadcrumb\",\"itemListElement\":[{\"@type\":\"ListItem\",\"position\":1,\"name\":\"Anasayfa\",\"item\":\"https:\/\/drseyithankirtay.com\/en\/\"},{\"@type\":\"ListItem\",\"position\":2,\"name\":\"Thermal Welding\"}]},{\"@type\":\"WebSite\",\"@id\":\"https:\/\/drseyithankirtay.com\/en\/#website\",\"url\":\"https:\/\/drseyithankirtay.com\/en\/\",\"name\":\"Op. Dr. Seyithan K\u0131rtay\",\"description\":\"Kulak Burun Bo\u011faz ve Burun Estetik Cerrahi\",\"potentialAction\":[{\"@type\":\"SearchAction\",\"target\":{\"@type\":\"EntryPoint\",\"urlTemplate\":\"https:\/\/drseyithankirtay.com\/en\/?s={search_term_string}\"},\"query-input\":{\"@type\":\"PropertyValueSpecification\",\"valueRequired\":true,\"valueName\":\"search_term_string\"}}],\"inLanguage\":\"en-US\"}]}<\/script>\n<!-- \/ Yoast SEO plugin. -->","yoast_head_json":{"title":"Kad\u0131n Hastal\u0131klar\u0131 (Jinekoloji) Doktoru - \u0130zmir | Op. Dr. Seyithan K\u0131rtay","robots":{"index":"index","follow":"follow","max-snippet":"max-snippet:-1","max-image-preview":"max-image-preview:large","max-video-preview":"max-video-preview:-1"},"canonical":"https:\/\/drseyithankirtay.com\/en\/thermal-welding\/","og_locale":"en_US","og_type":"article","og_title":"Kad\u0131n Hastal\u0131klar\u0131 (Jinekoloji) Doktoru - \u0130zmir | Op. Dr. Seyithan K\u0131rtay","og_description":"Thermal Welding Y\u00f6ntemi A\u011fr\u0131 ve diki\u015fin olmad\u0131\u011f\u0131 yeni nesil bademcik ve genizeti alma y\u00f6ntemidir.hastalar\u0131m\u0131z\u0131n konforunu ve normal ya\u015fama d\u00f6n\u00fc\u015f\u00fcn\u00fc h\u0131zland\u0131ran bir y\u00f6ntemdir.Yakla\u015f\u0131k 1000 \u00fczerinde yapt\u0131\u011f\u0131m\u0131z y\u00f6ntemin g\u00fcvernirli\u011fi olduk\u00e7a y\u00fcksektir.","og_url":"https:\/\/drseyithankirtay.com\/en\/thermal-welding\/","og_site_name":"Op. Dr. Seyithan K\u0131rtay","article_modified_time":"2021-11-10T06:50:22+00:00","twitter_card":"summary_large_image","twitter_misc":{"Est. reading time":"1 minute"},"schema":{"@context":"https:\/\/schema.org","@graph":[{"@type":"WebPage","@id":"https:\/\/drseyithankirtay.com\/en\/thermal-welding\/","url":"https:\/\/drseyithankirtay.com\/en\/thermal-welding\/","name":"Kad\u0131n Hastal\u0131klar\u0131 (Jinekoloji) Doktoru - \u0130zmir | Op. Dr. Seyithan K\u0131rtay","isPartOf":{"@id":"https:\/\/drseyithankirtay.com\/en\/#website"},"primaryImageOfPage":{"@id":"https:\/\/drseyithankirtay.com\/en\/thermal-welding\/#primaryimage"},"image":{"@id":"https:\/\/drseyithankirtay.com\/en\/thermal-welding\/#primaryimage"},"thumbnailUrl":"","datePublished":"2020-02-21T13:30:14+00:00","dateModified":"2021-11-10T06:50:22+00:00","breadcrumb":{"@id":"https:\/\/drseyithankirtay.com\/en\/thermal-welding\/#breadcrumb"},"inLanguage":"en-US","potentialAction":[{"@type":"ReadAction","target":["https:\/\/drseyithankirtay.com\/en\/thermal-welding\/"]}]},{"@type":"ImageObject","inLanguage":"en-US","@id":"https:\/\/drseyithankirtay.com\/en\/thermal-welding\/#primaryimage","url":"","contentUrl":""},{"@type":"BreadcrumbList","@id":"https:\/\/drseyithankirtay.com\/en\/thermal-welding\/#breadcrumb","itemListElement":[{"@type":"ListItem","position":1,"name":"Anasayfa","item":"https:\/\/drseyithankirtay.com\/en\/"},{"@type":"ListItem","position":2,"name":"Thermal Welding"}]},{"@type":"WebSite","@id":"https:\/\/drseyithankirtay.com\/en\/#website","url":"https:\/\/drseyithankirtay.com\/en\/","name":"Op. Dr. Seyithan K\u0131rtay","description":"Kulak Burun Bo\u011faz ve Burun Estetik Cerrahi","potentialAction":[{"@type":"SearchAction","target":{"@type":"EntryPoint","urlTemplate":"https:\/\/drseyithankirtay.com\/en\/?s={search_term_string}"},"query-input":{"@type":"PropertyValueSpecification","valueRequired":true,"valueName":"search_term_string"}}],"inLanguage":"en-US"}]}},"_links":{"self":[{"href":"https:\/\/drseyithankirtay.com\/en\/wp-json\/wp\/v2\/pages\/8694","targetHints":{"allow":["GET"]}}],"collection":[{"href":"https:\/\/drseyithankirtay.com\/en\/wp-json\/wp\/v2\/pages"}],"about":[{"href":"https:\/\/drseyithankirtay.com\/en\/wp-json\/wp\/v2\/types\/page"}],"author":[{"embeddable":true,"href":"https:\/\/drseyithankirtay.com\/en\/wp-json\/wp\/v2\/users\/1"}],"replies":[{"embeddable":true,"href":"https:\/\/drseyithankirtay.com\/en\/wp-json\/wp\/v2\/comments?post=8694"}],"version-history":[{"count":0,"href":"https:\/\/drseyithankirtay.com\/en\/wp-json\/wp\/v2\/pages\/8694\/revisions"}],"wp:featuredmedia":[{"embeddable":true,"href":"https:\/\/drseyithankirtay.com\/en\/wp-json\/"}],"wp:attachment":[{"href":"https:\/\/drseyithankirtay.com\/en\/wp-json\/wp\/v2\/media?parent=8694"}],"curies":[{"name":"wp","href":"https:\/\/api.w.org\/{rel}","templated":true}]}}