{"id":8778,"date":"2020-02-26T12:54:55","date_gmt":"2020-02-26T09:54:55","guid":{"rendered":"https:\/\/opdrhasanulasbasyurt.com\/yenisite\/?page_id=8778"},"modified":"2021-12-14T15:47:38","modified_gmt":"2021-12-14T12:47:38","slug":"wrinkle-removal","status":"publish","type":"page","link":"https:\/\/drseyithankirtay.com\/en\/wrinkle-removal\/","title":{"rendered":"Wrinkle Removal"},"content":{"rendered":"\t\t<div data-elementor-type=\"wp-page\" data-elementor-id=\"8778\" class=\"elementor elementor-8778\">\n\t\t\t\t\t\t<section class=\"elementor-section elementor-top-section elementor-element elementor-element-641b8d9 elementor-section-boxed elementor-section-height-default elementor-section-height-default\" data-id=\"641b8d9\" data-element_type=\"section\">\n\t\t\t\t\t\t<div class=\"elementor-container elementor-column-gap-default\">\n\t\t\t\t\t<div class=\"elementor-column elementor-col-100 elementor-top-column elementor-element elementor-element-f613ad4\" data-id=\"f613ad4\" data-element_type=\"column\">\n\t\t\t<div class=\"elementor-widget-wrap elementor-element-populated\">\n\t\t\t\t\t\t<div class=\"elementor-element elementor-element-6989fa1 elementor-widget elementor-widget-text-editor\" data-id=\"6989fa1\" data-element_type=\"widget\" data-widget_type=\"text-editor.default\">\n\t\t\t\t<div class=\"elementor-widget-container\">\n\t\t\t\t\t\t\t\t\t<p>Wrinkle Removal, also known as botulinum toxin, applied to remove wrinkles on the face, forehead and around the eyes, temporarily stops the muscles working. In this way, the skin on the muscle does not move, does not wear out, and fluid loss does not occur. The skin looks more moist, bright, young and plump.<\/p><p>The effect of Wrinkle Removal application may last 7-8 months depending on the person&#8217;s structure. Its effect starts on the 3th day and reaches its maximum within 2 weeks.\u00a0<\/p>\t\t\t\t\t\t\t\t<\/div>\n\t\t\t\t<\/div>\n\t\t\t\t\t<\/div>\n\t\t<\/div>\n\t\t\t\t\t<\/div>\n\t\t<\/section>\n\t\t\t\t<section class=\"elementor-section elementor-top-section elementor-element elementor-element-178195f elementor-section-boxed elementor-section-height-default elementor-section-height-default\" data-id=\"178195f\" data-element_type=\"section\">\n\t\t\t\t\t\t<div class=\"elementor-container elementor-column-gap-default\">\n\t\t\t\t\t<div class=\"elementor-column elementor-col-100 elementor-top-column elementor-element elementor-element-4ebaa6a\" data-id=\"4ebaa6a\" data-element_type=\"column\">\n\t\t\t<div class=\"elementor-widget-wrap elementor-element-populated\">\n\t\t\t\t\t\t<div class=\"elementor-element elementor-element-f8cf674 elementor-widget elementor-widget-image\" data-id=\"f8cf674\" data-element_type=\"widget\" data-widget_type=\"image.default\">\n\t\t\t\t<div class=\"elementor-widget-container\">\n\t\t\t\t\t\t\t\t\t\t\t\t\t\t\t<img fetchpriority=\"high\" decoding=\"async\" width=\"1024\" height=\"683\" src=\"https:\/\/drseyithankirtay.com\/en\/wp-content\/uploads\/2021\/09\/botoks-nedir-1024x683.jpg\" class=\"attachment-large size-large wp-image-9564\" alt=\"\" srcset=\"https:\/\/drseyithankirtay.com\/en\/wp-content\/uploads\/2021\/09\/botoks-nedir-1024x683.jpg 1024w, https:\/\/drseyithankirtay.com\/en\/wp-content\/uploads\/2021\/09\/botoks-nedir-300x200.jpg 300w, https:\/\/drseyithankirtay.com\/en\/wp-content\/uploads\/2021\/09\/botoks-nedir-768x512.jpg 768w, https:\/\/drseyithankirtay.com\/en\/wp-content\/uploads\/2021\/09\/botoks-nedir.jpg 1200w\" sizes=\"(max-width: 1024px) 100vw, 1024px\" \/>\t\t\t\t\t\t\t\t\t\t\t\t\t\t\t<\/div>\n\t\t\t\t<\/div>\n\t\t\t\t\t<\/div>\n\t\t<\/div>\n\t\t\t\t\t<\/div>\n\t\t<\/section>\n\t\t\t\t<\/div>\n\t\t","protected":false},"excerpt":{"rendered":"<p>Wrinkle Removal, also known as botulinum toxin, applied to remove wrinkles on the face, forehead and around the eyes, temporarily stops the muscles working. In this way, the skin on the muscle does not move, does not wear out, and fluid loss does not occur. The skin looks more moist, bright, young and plump. The [&hellip;]<\/p>\n","protected":false},"author":1,"featured_media":7543,"parent":0,"menu_order":4,"comment_status":"closed","ping_status":"closed","template":"","meta":{"_acf_changed":false,"footnotes":""},"class_list":["post-8778","page","type-page","status-publish","has-post-thumbnail","hentry"],"acf":[],"yoast_head":"<!-- This site is optimized with the Yoast SEO plugin v26.1.1 - https:\/\/yoast.com\/wordpress\/plugins\/seo\/ -->\n<title>Normal Do\u011fum Doktoru - \u0130zmir | Vajinal (Normal) Do\u011fum | VIP Hizmet | \u0130zmir<\/title>\n<meta name=\"robots\" content=\"index, follow, max-snippet:-1, max-image-preview:large, max-video-preview:-1\" \/>\n<link rel=\"canonical\" href=\"https:\/\/drseyithankirtay.com\/en\/wrinkle-removal\/\" \/>\n<meta property=\"og:locale\" content=\"en_US\" \/>\n<meta property=\"og:type\" content=\"article\" \/>\n<meta property=\"og:title\" content=\"Normal Do\u011fum Doktoru - \u0130zmir | Vajinal (Normal) Do\u011fum | VIP Hizmet | \u0130zmir\" \/>\n<meta property=\"og:description\" content=\"Wrinkle Removal, also known as botulinum toxin, applied to remove wrinkles on the face, forehead and around the eyes, temporarily stops the muscles working. In this way, the skin on the muscle does not move, does not wear out, and fluid loss does not occur. The skin looks more moist, bright, young and plump. The [&hellip;]\" \/>\n<meta property=\"og:url\" content=\"https:\/\/drseyithankirtay.com\/en\/wrinkle-removal\/\" \/>\n<meta property=\"og:site_name\" content=\"Op. Dr. Seyithan K\u0131rtay\" \/>\n<meta property=\"article:modified_time\" content=\"2021-12-14T12:47:38+00:00\" \/>\n<meta name=\"twitter:card\" content=\"summary_large_image\" \/>\n<meta name=\"twitter:label1\" content=\"Est. reading time\" \/>\n\t<meta name=\"twitter:data1\" content=\"1 minute\" \/>\n<script type=\"application\/ld+json\" class=\"yoast-schema-graph\">{\"@context\":\"https:\/\/schema.org\",\"@graph\":[{\"@type\":\"WebPage\",\"@id\":\"https:\/\/drseyithankirtay.com\/en\/wrinkle-removal\/\",\"url\":\"https:\/\/drseyithankirtay.com\/en\/wrinkle-removal\/\",\"name\":\"Normal Do\u011fum Doktoru - \u0130zmir | Vajinal (Normal) Do\u011fum | VIP Hizmet | \u0130zmir\",\"isPartOf\":{\"@id\":\"https:\/\/drseyithankirtay.com\/en\/#website\"},\"primaryImageOfPage\":{\"@id\":\"https:\/\/drseyithankirtay.com\/en\/wrinkle-removal\/#primaryimage\"},\"image\":{\"@id\":\"https:\/\/drseyithankirtay.com\/en\/wrinkle-removal\/#primaryimage\"},\"thumbnailUrl\":\"\",\"datePublished\":\"2020-02-26T09:54:55+00:00\",\"dateModified\":\"2021-12-14T12:47:38+00:00\",\"breadcrumb\":{\"@id\":\"https:\/\/drseyithankirtay.com\/en\/wrinkle-removal\/#breadcrumb\"},\"inLanguage\":\"en-US\",\"potentialAction\":[{\"@type\":\"ReadAction\",\"target\":[\"https:\/\/drseyithankirtay.com\/en\/wrinkle-removal\/\"]}]},{\"@type\":\"ImageObject\",\"inLanguage\":\"en-US\",\"@id\":\"https:\/\/drseyithankirtay.com\/en\/wrinkle-removal\/#primaryimage\",\"url\":\"\",\"contentUrl\":\"\"},{\"@type\":\"BreadcrumbList\",\"@id\":\"https:\/\/drseyithankirtay.com\/en\/wrinkle-removal\/#breadcrumb\",\"itemListElement\":[{\"@type\":\"ListItem\",\"position\":1,\"name\":\"Anasayfa\",\"item\":\"https:\/\/drseyithankirtay.com\/en\/\"},{\"@type\":\"ListItem\",\"position\":2,\"name\":\"Wrinkle Removal\"}]},{\"@type\":\"WebSite\",\"@id\":\"https:\/\/drseyithankirtay.com\/en\/#website\",\"url\":\"https:\/\/drseyithankirtay.com\/en\/\",\"name\":\"Op. Dr. Seyithan K\u0131rtay\",\"description\":\"Kulak Burun Bo\u011faz ve Burun Estetik Cerrahi\",\"potentialAction\":[{\"@type\":\"SearchAction\",\"target\":{\"@type\":\"EntryPoint\",\"urlTemplate\":\"https:\/\/drseyithankirtay.com\/en\/?s={search_term_string}\"},\"query-input\":{\"@type\":\"PropertyValueSpecification\",\"valueRequired\":true,\"valueName\":\"search_term_string\"}}],\"inLanguage\":\"en-US\"}]}<\/script>\n<!-- \/ Yoast SEO plugin. -->","yoast_head_json":{"title":"Normal Do\u011fum Doktoru - \u0130zmir | Vajinal (Normal) Do\u011fum | VIP Hizmet | \u0130zmir","robots":{"index":"index","follow":"follow","max-snippet":"max-snippet:-1","max-image-preview":"max-image-preview:large","max-video-preview":"max-video-preview:-1"},"canonical":"https:\/\/drseyithankirtay.com\/en\/wrinkle-removal\/","og_locale":"en_US","og_type":"article","og_title":"Normal Do\u011fum Doktoru - \u0130zmir | Vajinal (Normal) Do\u011fum | VIP Hizmet | \u0130zmir","og_description":"Wrinkle Removal, also known as botulinum toxin, applied to remove wrinkles on the face, forehead and around the eyes, temporarily stops the muscles working. In this way, the skin on the muscle does not move, does not wear out, and fluid loss does not occur. The skin looks more moist, bright, young and plump. The [&hellip;]","og_url":"https:\/\/drseyithankirtay.com\/en\/wrinkle-removal\/","og_site_name":"Op. Dr. Seyithan K\u0131rtay","article_modified_time":"2021-12-14T12:47:38+00:00","twitter_card":"summary_large_image","twitter_misc":{"Est. reading time":"1 minute"},"schema":{"@context":"https:\/\/schema.org","@graph":[{"@type":"WebPage","@id":"https:\/\/drseyithankirtay.com\/en\/wrinkle-removal\/","url":"https:\/\/drseyithankirtay.com\/en\/wrinkle-removal\/","name":"Normal Do\u011fum Doktoru - \u0130zmir | Vajinal (Normal) Do\u011fum | VIP Hizmet | \u0130zmir","isPartOf":{"@id":"https:\/\/drseyithankirtay.com\/en\/#website"},"primaryImageOfPage":{"@id":"https:\/\/drseyithankirtay.com\/en\/wrinkle-removal\/#primaryimage"},"image":{"@id":"https:\/\/drseyithankirtay.com\/en\/wrinkle-removal\/#primaryimage"},"thumbnailUrl":"","datePublished":"2020-02-26T09:54:55+00:00","dateModified":"2021-12-14T12:47:38+00:00","breadcrumb":{"@id":"https:\/\/drseyithankirtay.com\/en\/wrinkle-removal\/#breadcrumb"},"inLanguage":"en-US","potentialAction":[{"@type":"ReadAction","target":["https:\/\/drseyithankirtay.com\/en\/wrinkle-removal\/"]}]},{"@type":"ImageObject","inLanguage":"en-US","@id":"https:\/\/drseyithankirtay.com\/en\/wrinkle-removal\/#primaryimage","url":"","contentUrl":""},{"@type":"BreadcrumbList","@id":"https:\/\/drseyithankirtay.com\/en\/wrinkle-removal\/#breadcrumb","itemListElement":[{"@type":"ListItem","position":1,"name":"Anasayfa","item":"https:\/\/drseyithankirtay.com\/en\/"},{"@type":"ListItem","position":2,"name":"Wrinkle Removal"}]},{"@type":"WebSite","@id":"https:\/\/drseyithankirtay.com\/en\/#website","url":"https:\/\/drseyithankirtay.com\/en\/","name":"Op. Dr. Seyithan K\u0131rtay","description":"Kulak Burun Bo\u011faz ve Burun Estetik Cerrahi","potentialAction":[{"@type":"SearchAction","target":{"@type":"EntryPoint","urlTemplate":"https:\/\/drseyithankirtay.com\/en\/?s={search_term_string}"},"query-input":{"@type":"PropertyValueSpecification","valueRequired":true,"valueName":"search_term_string"}}],"inLanguage":"en-US"}]}},"_links":{"self":[{"href":"https:\/\/drseyithankirtay.com\/en\/wp-json\/wp\/v2\/pages\/8778","targetHints":{"allow":["GET"]}}],"collection":[{"href":"https:\/\/drseyithankirtay.com\/en\/wp-json\/wp\/v2\/pages"}],"about":[{"href":"https:\/\/drseyithankirtay.com\/en\/wp-json\/wp\/v2\/types\/page"}],"author":[{"embeddable":true,"href":"https:\/\/drseyithankirtay.com\/en\/wp-json\/wp\/v2\/users\/1"}],"replies":[{"embeddable":true,"href":"https:\/\/drseyithankirtay.com\/en\/wp-json\/wp\/v2\/comments?post=8778"}],"version-history":[{"count":0,"href":"https:\/\/drseyithankirtay.com\/en\/wp-json\/wp\/v2\/pages\/8778\/revisions"}],"wp:featuredmedia":[{"embeddable":true,"href":"https:\/\/drseyithankirtay.com\/en\/wp-json\/"}],"wp:attachment":[{"href":"https:\/\/drseyithankirtay.com\/en\/wp-json\/wp\/v2\/media?parent=8778"}],"curies":[{"name":"wp","href":"https:\/\/api.w.org\/{rel}","templated":true}]}}