{"id":8782,"date":"2020-02-26T13:01:38","date_gmt":"2020-02-26T10:01:38","guid":{"rendered":"https:\/\/opdrhasanulasbasyurt.com\/yenisite\/?page_id=8782"},"modified":"2021-11-10T10:38:57","modified_gmt":"2021-11-10T07:38:57","slug":"sinusitis-surgery","status":"publish","type":"page","link":"https:\/\/drseyithankirtay.com\/en\/sinusitis-surgery\/","title":{"rendered":"Sinusitis Surgery"},"content":{"rendered":"\t\t<div data-elementor-type=\"wp-page\" data-elementor-id=\"8782\" class=\"elementor elementor-8782\">\n\t\t\t\t\t\t<section class=\"elementor-section elementor-top-section elementor-element elementor-element-641b8d9 elementor-section-boxed elementor-section-height-default elementor-section-height-default\" data-id=\"641b8d9\" data-element_type=\"section\">\n\t\t\t\t\t\t<div class=\"elementor-container elementor-column-gap-default\">\n\t\t\t\t\t<div class=\"elementor-column elementor-col-100 elementor-top-column elementor-element elementor-element-f613ad4\" data-id=\"f613ad4\" data-element_type=\"column\">\n\t\t\t<div class=\"elementor-widget-wrap elementor-element-populated\">\n\t\t\t\t\t\t<div class=\"elementor-element elementor-element-6989fa1 elementor-widget elementor-widget-text-editor\" data-id=\"6989fa1\" data-element_type=\"widget\" data-widget_type=\"text-editor.default\">\n\t\t\t\t<div class=\"elementor-widget-container\">\n\t\t\t\t\t\t\t\t\t<h2>Surgery of sinusitis &#8211; Endoscopic sinus surgery\u00a0<\/h2><p>Endoskopic sinus surgery is a surgical method which is used in the surgery of chronic sinusitis that does not respond to the drug therapy,and in the treatment of nasal polipozis which develop because of the allergies in the nose<\/p><p><img fetchpriority=\"high\" decoding=\"async\" class=\"Size 500x500 alignnone wp-image-9231 size-full\" src=\"http:\/\/seyithankirtay.demositeler.xyz\/wp-content\/uploads\/2021\/09\/humidifier-Vs.-Air-purifier-sinusitis-768x496-1.jpg\" alt=\"\" width=\"768\" height=\"496\" srcset=\"https:\/\/drseyithankirtay.com\/en\/wp-content\/uploads\/2021\/09\/humidifier-Vs.-Air-purifier-sinusitis-768x496-1.jpg 768w, https:\/\/drseyithankirtay.com\/en\/wp-content\/uploads\/2021\/09\/humidifier-Vs.-Air-purifier-sinusitis-768x496-1-300x194.jpg 300w\" sizes=\"(max-width: 768px) 100vw, 768px\" \/><\/p>\t\t\t\t\t\t\t\t<\/div>\n\t\t\t\t<\/div>\n\t\t\t\t\t<\/div>\n\t\t<\/div>\n\t\t\t\t\t<\/div>\n\t\t<\/section>\n\t\t\t\t<\/div>\n\t\t","protected":false},"excerpt":{"rendered":"<p>Surgery of sinusitis &#8211; Endoscopic sinus surgery\u00a0 Endoskopic sinus surgery is a surgical method which is used in the surgery of chronic sinusitis that does not respond to the drug therapy,and in the treatment of nasal polipozis which develop because of the allergies in the nose<\/p>\n","protected":false},"author":1,"featured_media":7543,"parent":0,"menu_order":4,"comment_status":"closed","ping_status":"closed","template":"","meta":{"_acf_changed":false,"footnotes":""},"class_list":["post-8782","page","type-page","status-publish","has-post-thumbnail","hentry"],"acf":[],"yoast_head":"<!-- This site is optimized with the Yoast SEO plugin v26.1.1 - https:\/\/yoast.com\/wordpress\/plugins\/seo\/ -->\n<title>Sinusitis Surgery - \u0130zmir | Vajinal Sarkma ve Daraltma Tedavisi | Hasan Ula\u015f Ba\u015fyurt<\/title>\n<meta name=\"robots\" content=\"index, follow, max-snippet:-1, max-image-preview:large, max-video-preview:-1\" \/>\n<link rel=\"canonical\" href=\"https:\/\/drseyithankirtay.com\/en\/sinusitis-surgery\/\" \/>\n<meta property=\"og:locale\" content=\"en_US\" \/>\n<meta property=\"og:type\" content=\"article\" \/>\n<meta property=\"og:title\" content=\"Sinusitis Surgery - \u0130zmir | Vajinal Sarkma ve Daraltma Tedavisi | Hasan Ula\u015f Ba\u015fyurt\" \/>\n<meta property=\"og:description\" content=\"Surgery of sinusitis &#8211; Endoscopic sinus surgery\u00a0 Endoskopic sinus surgery is a surgical method which is used in the surgery of chronic sinusitis that does not respond to the drug therapy,and in the treatment of nasal polipozis which develop because of the allergies in the nose\" \/>\n<meta property=\"og:url\" content=\"https:\/\/drseyithankirtay.com\/en\/sinusitis-surgery\/\" \/>\n<meta property=\"og:site_name\" content=\"Op. Dr. Seyithan K\u0131rtay\" \/>\n<meta property=\"article:modified_time\" content=\"2021-11-10T07:38:57+00:00\" \/>\n<meta name=\"twitter:card\" content=\"summary_large_image\" \/>\n<meta name=\"twitter:label1\" content=\"Est. reading time\" \/>\n\t<meta name=\"twitter:data1\" content=\"1 minute\" \/>\n<script type=\"application\/ld+json\" class=\"yoast-schema-graph\">{\"@context\":\"https:\/\/schema.org\",\"@graph\":[{\"@type\":\"WebPage\",\"@id\":\"https:\/\/drseyithankirtay.com\/en\/sinusitis-surgery\/\",\"url\":\"https:\/\/drseyithankirtay.com\/en\/sinusitis-surgery\/\",\"name\":\"Sinusitis Surgery - \u0130zmir | Vajinal Sarkma ve Daraltma Tedavisi | Hasan Ula\u015f Ba\u015fyurt\",\"isPartOf\":{\"@id\":\"https:\/\/drseyithankirtay.com\/en\/#website\"},\"primaryImageOfPage\":{\"@id\":\"https:\/\/drseyithankirtay.com\/en\/sinusitis-surgery\/#primaryimage\"},\"image\":{\"@id\":\"https:\/\/drseyithankirtay.com\/en\/sinusitis-surgery\/#primaryimage\"},\"thumbnailUrl\":\"\",\"datePublished\":\"2020-02-26T10:01:38+00:00\",\"dateModified\":\"2021-11-10T07:38:57+00:00\",\"breadcrumb\":{\"@id\":\"https:\/\/drseyithankirtay.com\/en\/sinusitis-surgery\/#breadcrumb\"},\"inLanguage\":\"en-US\",\"potentialAction\":[{\"@type\":\"ReadAction\",\"target\":[\"https:\/\/drseyithankirtay.com\/en\/sinusitis-surgery\/\"]}]},{\"@type\":\"ImageObject\",\"inLanguage\":\"en-US\",\"@id\":\"https:\/\/drseyithankirtay.com\/en\/sinusitis-surgery\/#primaryimage\",\"url\":\"\",\"contentUrl\":\"\"},{\"@type\":\"BreadcrumbList\",\"@id\":\"https:\/\/drseyithankirtay.com\/en\/sinusitis-surgery\/#breadcrumb\",\"itemListElement\":[{\"@type\":\"ListItem\",\"position\":1,\"name\":\"Anasayfa\",\"item\":\"https:\/\/drseyithankirtay.com\/en\/\"},{\"@type\":\"ListItem\",\"position\":2,\"name\":\"Sinusitis Surgery\"}]},{\"@type\":\"WebSite\",\"@id\":\"https:\/\/drseyithankirtay.com\/en\/#website\",\"url\":\"https:\/\/drseyithankirtay.com\/en\/\",\"name\":\"Op. Dr. Seyithan K\u0131rtay\",\"description\":\"Kulak Burun Bo\u011faz ve Burun Estetik Cerrahi\",\"potentialAction\":[{\"@type\":\"SearchAction\",\"target\":{\"@type\":\"EntryPoint\",\"urlTemplate\":\"https:\/\/drseyithankirtay.com\/en\/?s={search_term_string}\"},\"query-input\":{\"@type\":\"PropertyValueSpecification\",\"valueRequired\":true,\"valueName\":\"search_term_string\"}}],\"inLanguage\":\"en-US\"}]}<\/script>\n<!-- \/ Yoast SEO plugin. -->","yoast_head_json":{"title":"Sinusitis Surgery - \u0130zmir | Vajinal Sarkma ve Daraltma Tedavisi | Hasan Ula\u015f Ba\u015fyurt","robots":{"index":"index","follow":"follow","max-snippet":"max-snippet:-1","max-image-preview":"max-image-preview:large","max-video-preview":"max-video-preview:-1"},"canonical":"https:\/\/drseyithankirtay.com\/en\/sinusitis-surgery\/","og_locale":"en_US","og_type":"article","og_title":"Sinusitis Surgery - \u0130zmir | Vajinal Sarkma ve Daraltma Tedavisi | Hasan Ula\u015f Ba\u015fyurt","og_description":"Surgery of sinusitis &#8211; Endoscopic sinus surgery\u00a0 Endoskopic sinus surgery is a surgical method which is used in the surgery of chronic sinusitis that does not respond to the drug therapy,and in the treatment of nasal polipozis which develop because of the allergies in the nose","og_url":"https:\/\/drseyithankirtay.com\/en\/sinusitis-surgery\/","og_site_name":"Op. Dr. Seyithan K\u0131rtay","article_modified_time":"2021-11-10T07:38:57+00:00","twitter_card":"summary_large_image","twitter_misc":{"Est. reading time":"1 minute"},"schema":{"@context":"https:\/\/schema.org","@graph":[{"@type":"WebPage","@id":"https:\/\/drseyithankirtay.com\/en\/sinusitis-surgery\/","url":"https:\/\/drseyithankirtay.com\/en\/sinusitis-surgery\/","name":"Sinusitis Surgery - \u0130zmir | Vajinal Sarkma ve Daraltma Tedavisi | Hasan Ula\u015f Ba\u015fyurt","isPartOf":{"@id":"https:\/\/drseyithankirtay.com\/en\/#website"},"primaryImageOfPage":{"@id":"https:\/\/drseyithankirtay.com\/en\/sinusitis-surgery\/#primaryimage"},"image":{"@id":"https:\/\/drseyithankirtay.com\/en\/sinusitis-surgery\/#primaryimage"},"thumbnailUrl":"","datePublished":"2020-02-26T10:01:38+00:00","dateModified":"2021-11-10T07:38:57+00:00","breadcrumb":{"@id":"https:\/\/drseyithankirtay.com\/en\/sinusitis-surgery\/#breadcrumb"},"inLanguage":"en-US","potentialAction":[{"@type":"ReadAction","target":["https:\/\/drseyithankirtay.com\/en\/sinusitis-surgery\/"]}]},{"@type":"ImageObject","inLanguage":"en-US","@id":"https:\/\/drseyithankirtay.com\/en\/sinusitis-surgery\/#primaryimage","url":"","contentUrl":""},{"@type":"BreadcrumbList","@id":"https:\/\/drseyithankirtay.com\/en\/sinusitis-surgery\/#breadcrumb","itemListElement":[{"@type":"ListItem","position":1,"name":"Anasayfa","item":"https:\/\/drseyithankirtay.com\/en\/"},{"@type":"ListItem","position":2,"name":"Sinusitis Surgery"}]},{"@type":"WebSite","@id":"https:\/\/drseyithankirtay.com\/en\/#website","url":"https:\/\/drseyithankirtay.com\/en\/","name":"Op. Dr. Seyithan K\u0131rtay","description":"Kulak Burun Bo\u011faz ve Burun Estetik Cerrahi","potentialAction":[{"@type":"SearchAction","target":{"@type":"EntryPoint","urlTemplate":"https:\/\/drseyithankirtay.com\/en\/?s={search_term_string}"},"query-input":{"@type":"PropertyValueSpecification","valueRequired":true,"valueName":"search_term_string"}}],"inLanguage":"en-US"}]}},"_links":{"self":[{"href":"https:\/\/drseyithankirtay.com\/en\/wp-json\/wp\/v2\/pages\/8782","targetHints":{"allow":["GET"]}}],"collection":[{"href":"https:\/\/drseyithankirtay.com\/en\/wp-json\/wp\/v2\/pages"}],"about":[{"href":"https:\/\/drseyithankirtay.com\/en\/wp-json\/wp\/v2\/types\/page"}],"author":[{"embeddable":true,"href":"https:\/\/drseyithankirtay.com\/en\/wp-json\/wp\/v2\/users\/1"}],"replies":[{"embeddable":true,"href":"https:\/\/drseyithankirtay.com\/en\/wp-json\/wp\/v2\/comments?post=8782"}],"version-history":[{"count":0,"href":"https:\/\/drseyithankirtay.com\/en\/wp-json\/wp\/v2\/pages\/8782\/revisions"}],"wp:featuredmedia":[{"embeddable":true,"href":"https:\/\/drseyithankirtay.com\/en\/wp-json\/"}],"wp:attachment":[{"href":"https:\/\/drseyithankirtay.com\/en\/wp-json\/wp\/v2\/media?parent=8782"}],"curies":[{"name":"wp","href":"https:\/\/api.w.org\/{rel}","templated":true}]}}